{"id":572,"date":"2025-01-14T15:12:36","date_gmt":"2025-01-14T14:12:36","guid":{"rendered":"https:\/\/www.zuid-zuid-west.nl\/product\/strandhuette-basic\/"},"modified":"2025-01-14T15:12:36","modified_gmt":"2025-01-14T14:12:36","slug":"strandhuette-basic","status":"publish","type":"product","link":"https:\/\/www.zuid-zuid-west.nl\/de\/produkt\/strandhuette-basic\/","title":{"rendered":"Strandh\u00fctte basic"},"content":{"rendered":"<p>Die Miete beinhaltet 2 Liegest\u00fchle und 1 Sonnenschirm<strong>Vermietung von Freitag bis Freitag<\/strong> <em>Schl\u00fcsselabholung ab 15.00 Uhr, <\/em> <em>R\u00fcckgabe vor 12.00 Uhr.<\/em> F\u00fcr die Nutzung des Schl\u00fcssels verlangen wir 50 Euro Kaution in bar.<a href=\"https:\/\/www.zuid-zuid-west.nl\/algemene-voorwaarden-verhuur\/\">Allgemeine Mietbedingungen<\/a><\/p>\n","protected":false},"excerpt":{"rendered":"<p>Die Miete beinhaltet 2 Liegest\u00fchle und 1 SonnenschirmVermietung von Freitag bis Freitag Schl\u00fcsselabholung ab 15.00 Uhr, R\u00fcckgabe vor 12.00 Uhr. F\u00fcr die Nutzung des Schl\u00fcssels verlangen wir 50 Euro Kaution in bar.Allgemeine Mietbedingungen<\/p>\n","protected":false},"featured_media":311,"template":"","meta":{"_acf_changed":false},"product_brand":[],"product_cat":[35],"product_tag":[],"class_list":{"0":"post-572","1":"product","2":"type-product","3":"status-publish","4":"has-post-thumbnail","6":"product_cat-verhuur-de","8":"first","9":"instock","10":"virtual","11":"sold-individually","12":"taxable","13":"purchasable","14":"product-type-booking"},"booking_location":"","booking_location_type":"","booking_duration":7,"booking_duration_unit":"day","booking_buffer":0,"booking_cost":0,"booking_resources":[573,574,575,576,577],"acf":[],"yoast_head":"<!-- This site is optimized with the Yoast SEO plugin v27.4 - https:\/\/yoast.com\/product\/yoast-seo-wordpress\/ -->\n<title>Strandh\u00fctte basic<\/title>\n<meta name=\"robots\" content=\"index, follow, max-snippet:-1, max-image-preview:large, max-video-preview:-1\" \/>\n<link rel=\"canonical\" href=\"https:\/\/www.zuid-zuid-west.nl\/de\/produkt\/strandhuette-basic\/\" \/>\n<meta property=\"og:locale\" content=\"de_DE\" \/>\n<meta property=\"og:type\" content=\"article\" \/>\n<meta property=\"og:title\" content=\"Strandh\u00fctte basic\" \/>\n<meta property=\"og:description\" content=\"Die Miete beinhaltet 2 Liegest\u00fchle und 1 SonnenschirmVermietung von Freitag bis Freitag Schl\u00fcsselabholung ab 15.00 Uhr, R\u00fcckgabe vor 12.00 Uhr. F\u00fcr die Nutzung des Schl\u00fcssels verlangen wir 50 Euro Kaution in bar.Allgemeine Mietbedingungen\" \/>\n<meta property=\"og:url\" content=\"https:\/\/www.zuid-zuid-west.nl\/de\/produkt\/strandhuette-basic\/\" \/>\n<meta property=\"og:site_name\" content=\"Strandpaviljoen Zuid Zuid West\" \/>\n<meta property=\"article:publisher\" content=\"https:\/\/www.facebook.com\/zzwrenesse\/\" \/>\n<meta property=\"og:image\" content=\"https:\/\/www.zuid-zuid-west.nl\/wp-content\/uploads\/2025\/01\/strandcabine-verhuur-renesse-julianahoeve-zuid-zuid-west-strandhuisje-e1736871516194.png\" \/>\n\t<meta property=\"og:image:width\" content=\"508\" \/>\n\t<meta property=\"og:image:height\" content=\"407\" \/>\n\t<meta property=\"og:image:type\" content=\"image\/png\" \/>\n<meta name=\"twitter:card\" content=\"summary_large_image\" \/>\n<script type=\"application\/ld+json\" class=\"yoast-schema-graph\">{\"@context\":\"https:\\\/\\\/schema.org\",\"@graph\":[{\"@type\":\"WebPage\",\"@id\":\"https:\\\/\\\/www.zuid-zuid-west.nl\\\/de\\\/produkt\\\/strandhuette-basic\\\/\",\"url\":\"https:\\\/\\\/www.zuid-zuid-west.nl\\\/de\\\/produkt\\\/strandhuette-basic\\\/\",\"name\":\"Strandh\u00fctte basic\",\"isPartOf\":{\"@id\":\"https:\\\/\\\/www.zuid-zuid-west.nl\\\/#website\"},\"primaryImageOfPage\":{\"@id\":\"https:\\\/\\\/www.zuid-zuid-west.nl\\\/de\\\/produkt\\\/strandhuette-basic\\\/#primaryimage\"},\"image\":{\"@id\":\"https:\\\/\\\/www.zuid-zuid-west.nl\\\/de\\\/produkt\\\/strandhuette-basic\\\/#primaryimage\"},\"thumbnailUrl\":\"https:\\\/\\\/www.zuid-zuid-west.nl\\\/wp-content\\\/uploads\\\/2025\\\/01\\\/strandcabine-verhuur-renesse-julianahoeve-zuid-zuid-west-strandhuisje-e1736871516194.png\",\"datePublished\":\"2025-01-14T14:12:36+00:00\",\"breadcrumb\":{\"@id\":\"https:\\\/\\\/www.zuid-zuid-west.nl\\\/de\\\/produkt\\\/strandhuette-basic\\\/#breadcrumb\"},\"inLanguage\":\"de\",\"potentialAction\":[{\"@type\":\"ReadAction\",\"target\":[\"https:\\\/\\\/www.zuid-zuid-west.nl\\\/de\\\/produkt\\\/strandhuette-basic\\\/\"]}]},{\"@type\":\"ImageObject\",\"inLanguage\":\"de\",\"@id\":\"https:\\\/\\\/www.zuid-zuid-west.nl\\\/de\\\/produkt\\\/strandhuette-basic\\\/#primaryimage\",\"url\":\"https:\\\/\\\/www.zuid-zuid-west.nl\\\/wp-content\\\/uploads\\\/2025\\\/01\\\/strandcabine-verhuur-renesse-julianahoeve-zuid-zuid-west-strandhuisje-e1736871516194.png\",\"contentUrl\":\"https:\\\/\\\/www.zuid-zuid-west.nl\\\/wp-content\\\/uploads\\\/2025\\\/01\\\/strandcabine-verhuur-renesse-julianahoeve-zuid-zuid-west-strandhuisje-e1736871516194.png\",\"width\":508,\"height\":407},{\"@type\":\"BreadcrumbList\",\"@id\":\"https:\\\/\\\/www.zuid-zuid-west.nl\\\/de\\\/produkt\\\/strandhuette-basic\\\/#breadcrumb\",\"itemListElement\":[{\"@type\":\"ListItem\",\"position\":1,\"name\":\"Home\",\"item\":\"https:\\\/\\\/www.zuid-zuid-west.nl\\\/de\\\/\"},{\"@type\":\"ListItem\",\"position\":2,\"name\":\"Shop\",\"item\":\"https:\\\/\\\/www.zuid-zuid-west.nl\\\/winkel\\\/\"},{\"@type\":\"ListItem\",\"position\":3,\"name\":\"Strandh\u00fctte basic\"}]},{\"@type\":\"WebSite\",\"@id\":\"https:\\\/\\\/www.zuid-zuid-west.nl\\\/#website\",\"url\":\"https:\\\/\\\/www.zuid-zuid-west.nl\\\/\",\"name\":\"Strandpaviljoen Zuid Zuid West\",\"description\":\"\",\"publisher\":{\"@id\":\"https:\\\/\\\/www.zuid-zuid-west.nl\\\/#organization\"},\"potentialAction\":[{\"@type\":\"SearchAction\",\"target\":{\"@type\":\"EntryPoint\",\"urlTemplate\":\"https:\\\/\\\/www.zuid-zuid-west.nl\\\/?s={search_term_string}\"},\"query-input\":{\"@type\":\"PropertyValueSpecification\",\"valueRequired\":true,\"valueName\":\"search_term_string\"}}],\"inLanguage\":\"de\"},{\"@type\":\"Organization\",\"@id\":\"https:\\\/\\\/www.zuid-zuid-west.nl\\\/#organization\",\"name\":\"Strandpaviljoen Zuid Zuid West\",\"url\":\"https:\\\/\\\/www.zuid-zuid-west.nl\\\/\",\"logo\":{\"@type\":\"ImageObject\",\"inLanguage\":\"de\",\"@id\":\"https:\\\/\\\/www.zuid-zuid-west.nl\\\/#\\\/schema\\\/logo\\\/image\\\/\",\"url\":\"https:\\\/\\\/www.zuid-zuid-west.nl\\\/wp-content\\\/uploads\\\/2024\\\/11\\\/cropped-zzw-icon-donkergroen.png\",\"contentUrl\":\"https:\\\/\\\/www.zuid-zuid-west.nl\\\/wp-content\\\/uploads\\\/2024\\\/11\\\/cropped-zzw-icon-donkergroen.png\",\"width\":512,\"height\":512,\"caption\":\"Strandpaviljoen Zuid Zuid West\"},\"image\":{\"@id\":\"https:\\\/\\\/www.zuid-zuid-west.nl\\\/#\\\/schema\\\/logo\\\/image\\\/\"},\"sameAs\":[\"https:\\\/\\\/www.facebook.com\\\/zzwrenesse\\\/\",\"https:\\\/\\\/www.instagram.com\\\/zuidzuidwest\\\/\"]}]}<\/script>\n<!-- \/ Yoast SEO plugin. -->","yoast_head_json":{"title":"Strandh\u00fctte basic","robots":{"index":"index","follow":"follow","max-snippet":"max-snippet:-1","max-image-preview":"max-image-preview:large","max-video-preview":"max-video-preview:-1"},"canonical":"https:\/\/www.zuid-zuid-west.nl\/de\/produkt\/strandhuette-basic\/","og_locale":"de_DE","og_type":"article","og_title":"Strandh\u00fctte basic","og_description":"Die Miete beinhaltet 2 Liegest\u00fchle und 1 SonnenschirmVermietung von Freitag bis Freitag Schl\u00fcsselabholung ab 15.00 Uhr, R\u00fcckgabe vor 12.00 Uhr. F\u00fcr die Nutzung des Schl\u00fcssels verlangen wir 50 Euro Kaution in bar.Allgemeine Mietbedingungen","og_url":"https:\/\/www.zuid-zuid-west.nl\/de\/produkt\/strandhuette-basic\/","og_site_name":"Strandpaviljoen Zuid Zuid West","article_publisher":"https:\/\/www.facebook.com\/zzwrenesse\/","og_image":[{"width":508,"height":407,"url":"https:\/\/www.zuid-zuid-west.nl\/wp-content\/uploads\/2025\/01\/strandcabine-verhuur-renesse-julianahoeve-zuid-zuid-west-strandhuisje-e1736871516194.png","type":"image\/png"}],"twitter_card":"summary_large_image","schema":{"@context":"https:\/\/schema.org","@graph":[{"@type":"WebPage","@id":"https:\/\/www.zuid-zuid-west.nl\/de\/produkt\/strandhuette-basic\/","url":"https:\/\/www.zuid-zuid-west.nl\/de\/produkt\/strandhuette-basic\/","name":"Strandh\u00fctte basic","isPartOf":{"@id":"https:\/\/www.zuid-zuid-west.nl\/#website"},"primaryImageOfPage":{"@id":"https:\/\/www.zuid-zuid-west.nl\/de\/produkt\/strandhuette-basic\/#primaryimage"},"image":{"@id":"https:\/\/www.zuid-zuid-west.nl\/de\/produkt\/strandhuette-basic\/#primaryimage"},"thumbnailUrl":"https:\/\/www.zuid-zuid-west.nl\/wp-content\/uploads\/2025\/01\/strandcabine-verhuur-renesse-julianahoeve-zuid-zuid-west-strandhuisje-e1736871516194.png","datePublished":"2025-01-14T14:12:36+00:00","breadcrumb":{"@id":"https:\/\/www.zuid-zuid-west.nl\/de\/produkt\/strandhuette-basic\/#breadcrumb"},"inLanguage":"de","potentialAction":[{"@type":"ReadAction","target":["https:\/\/www.zuid-zuid-west.nl\/de\/produkt\/strandhuette-basic\/"]}]},{"@type":"ImageObject","inLanguage":"de","@id":"https:\/\/www.zuid-zuid-west.nl\/de\/produkt\/strandhuette-basic\/#primaryimage","url":"https:\/\/www.zuid-zuid-west.nl\/wp-content\/uploads\/2025\/01\/strandcabine-verhuur-renesse-julianahoeve-zuid-zuid-west-strandhuisje-e1736871516194.png","contentUrl":"https:\/\/www.zuid-zuid-west.nl\/wp-content\/uploads\/2025\/01\/strandcabine-verhuur-renesse-julianahoeve-zuid-zuid-west-strandhuisje-e1736871516194.png","width":508,"height":407},{"@type":"BreadcrumbList","@id":"https:\/\/www.zuid-zuid-west.nl\/de\/produkt\/strandhuette-basic\/#breadcrumb","itemListElement":[{"@type":"ListItem","position":1,"name":"Home","item":"https:\/\/www.zuid-zuid-west.nl\/de\/"},{"@type":"ListItem","position":2,"name":"Shop","item":"https:\/\/www.zuid-zuid-west.nl\/winkel\/"},{"@type":"ListItem","position":3,"name":"Strandh\u00fctte basic"}]},{"@type":"WebSite","@id":"https:\/\/www.zuid-zuid-west.nl\/#website","url":"https:\/\/www.zuid-zuid-west.nl\/","name":"Strandpaviljoen Zuid Zuid West","description":"","publisher":{"@id":"https:\/\/www.zuid-zuid-west.nl\/#organization"},"potentialAction":[{"@type":"SearchAction","target":{"@type":"EntryPoint","urlTemplate":"https:\/\/www.zuid-zuid-west.nl\/?s={search_term_string}"},"query-input":{"@type":"PropertyValueSpecification","valueRequired":true,"valueName":"search_term_string"}}],"inLanguage":"de"},{"@type":"Organization","@id":"https:\/\/www.zuid-zuid-west.nl\/#organization","name":"Strandpaviljoen Zuid Zuid West","url":"https:\/\/www.zuid-zuid-west.nl\/","logo":{"@type":"ImageObject","inLanguage":"de","@id":"https:\/\/www.zuid-zuid-west.nl\/#\/schema\/logo\/image\/","url":"https:\/\/www.zuid-zuid-west.nl\/wp-content\/uploads\/2024\/11\/cropped-zzw-icon-donkergroen.png","contentUrl":"https:\/\/www.zuid-zuid-west.nl\/wp-content\/uploads\/2024\/11\/cropped-zzw-icon-donkergroen.png","width":512,"height":512,"caption":"Strandpaviljoen Zuid Zuid West"},"image":{"@id":"https:\/\/www.zuid-zuid-west.nl\/#\/schema\/logo\/image\/"},"sameAs":["https:\/\/www.facebook.com\/zzwrenesse\/","https:\/\/www.instagram.com\/zuidzuidwest\/"]}]}},"_links":{"self":[{"href":"https:\/\/www.zuid-zuid-west.nl\/de\/wp-json\/wp\/v2\/product\/572","targetHints":{"allow":["GET"]}}],"collection":[{"href":"https:\/\/www.zuid-zuid-west.nl\/de\/wp-json\/wp\/v2\/product"}],"about":[{"href":"https:\/\/www.zuid-zuid-west.nl\/de\/wp-json\/wp\/v2\/types\/product"}],"wp:featuredmedia":[{"embeddable":true,"href":"https:\/\/www.zuid-zuid-west.nl\/de\/wp-json\/wp\/v2\/media\/311"}],"wp:attachment":[{"href":"https:\/\/www.zuid-zuid-west.nl\/de\/wp-json\/wp\/v2\/media?parent=572"}],"wp:term":[{"taxonomy":"product_brand","embeddable":true,"href":"https:\/\/www.zuid-zuid-west.nl\/de\/wp-json\/wp\/v2\/product_brand?post=572"},{"taxonomy":"product_cat","embeddable":true,"href":"https:\/\/www.zuid-zuid-west.nl\/de\/wp-json\/wp\/v2\/product_cat?post=572"},{"taxonomy":"product_tag","embeddable":true,"href":"https:\/\/www.zuid-zuid-west.nl\/de\/wp-json\/wp\/v2\/product_tag?post=572"}],"curies":[{"name":"wp","href":"https:\/\/api.w.org\/{rel}","templated":true}]}}