{"id":382,"date":"2025-01-17T10:45:02","date_gmt":"2025-01-17T09:45:02","guid":{"rendered":"https:\/\/staging.zuid-zuid-west.nl\/allgemeine-mietbedingungen\/"},"modified":"2025-01-17T10:56:20","modified_gmt":"2025-01-17T09:56:20","slug":"allgemeine-mietbedingungen","status":"publish","type":"page","link":"https:\/\/www.zuid-zuid-west.nl\/de\/allgemeine-mietbedingungen\/","title":{"rendered":"Allgemeine Mietbedingungen"},"content":{"rendered":"\n<p><strong>Allgemeine Mietbedingungen Wochenmiete Strandh\u00fctten<\/strong><\/p>\n\n<p><strong>Zuid-Zuid-West BV (Vermieter)<\/strong><\/p>\n\n<p>1. Reservierungen<\/p>\n\n<p>\u00dcber die Website. Die Strandh\u00fctte kann nur \u00fcber unsere Website Zuid-Zuid-<br\/>West.nl Strandcabines gemietet werden. Nach Zahlungseingang erhalten Sie die Best\u00e4tigung sofort. Het nummer van<br\/>Die Nummer der Strandkabine auf der Best\u00e4tigung<br\/>kann von der endg\u00fcltigen Strandkabine abweichen.<br\/>strandcabine op de bevestiging kan afwijken van de uiteindelijke Strandcabine.<\/p>\n\n<p>2. Stornierung<\/p>\n\n<p>Bei Stornierung durch den Mieter werden folgende Kosten berechnet.<br\/>Bei Stornierung bis 2 Monate vor dem Anreisetag 25% der Miete.<br\/>Bei Stornierung bis 30 Tage vor dem Anreisetag 50% der Miete.<br\/>Bei Stornierung bis 14 Tage vor dem Anreisetag 75% der Miete.<br\/>Bei Stornierung ab 7 Tagen vor dem Anreisetag 100% der Miete.<\/p>\n\n<p>3. Haftung<\/p>\n\n<p>Der Vermieter haftet nicht f\u00fcr Sch\u00e4den und \/ oder Verlust des Eigentums des<br\/>Mieters. <br\/>Der Vermieter kann nicht f\u00fcr Unf\u00e4lle und Verletzungen innerhalb und<br\/>au\u00dferhalb der Strandh\u00fctte verantwortlich gemacht werden.<\/p>\n\n<p>4. Hausordnung<\/p>\n\n<p>Der Schl\u00fcssel f\u00fcr die Strandkabine kann an der Bar von Strandpaviljoen Zuid<br\/>Zuid-West abgeholt werden. <\/p>\n\n<p>Ankunft am Freitag ab 14 Uhr (Schl\u00fcssel\u00fcbergabe).<br\/>R\u00fcckgabe des Schl\u00fcssels am Freitag vor 12 Uhr.<\/p>\n\n<p>Sie m\u00fcssen das in der Strandh\u00fctte vorhandene Inventar ordnungsgem\u00e4\u00df verwenden. Die Hauptperson, die die H\u00fctte gemietet hat, ist f\u00fcr einen ordnungsgem\u00e4\u00dfen Ablauf der Veranstaltungen in und um die Strandh\u00fctte verantwortlich. Es ist verboten, \u00c4nderungen an der Strandh\u00fctte vorzunehmen.<br\/>Sie m\u00fcssen Ihre Nachbarst\u00e4nde in Bezug auf Musik und Spiele ber\u00fccksichtigen.<br\/>Es ist verboten, einen Grill mit offenem Feuer in unmittelbarer N\u00e4he der Kabine zu benutzen. Es ist verboten, am Strand ein Feuer anzuz\u00fcnden.<br\/>Im Falle von Bel\u00e4stigungen haben wir das Recht, die Strandh\u00fctte zu stornieren.<\/p>\n\n<p>5. Kaution<\/p>\n\n<p>Sie haben eine Schl\u00fcssel- \/ Strandh\u00fcttenkaution von 50 Euro in bar.<br\/>Diese Anzahlung erhalten Sie am Abreisetag bei R\u00fcckgabe des Schl\u00fcssels von uns zur\u00fcck.<\/p>\n","protected":false},"excerpt":{"rendered":"<p>Allgemeine Mietbedingungen Wochenmiete Strandh\u00fctten Zuid-Zuid-West BV (Vermieter) 1. Reservierungen \u00dcber die Website. Die Strandh\u00fctte kann nur \u00fcber unsere Website Zuid-Zuid-West.nl Strandcabines gemietet werden. Nach Zahlungseingang erhalten Sie die Best\u00e4tigung sofort. Het nummer vanDie Nummer der Strandkabine auf der Best\u00e4tigungkann von der endg\u00fcltigen Strandkabine abweichen.strandcabine op de bevestiging kan afwijken van de uiteindelijke Strandcabine. 2. Stornierung [&hellip;]<\/p>\n","protected":false},"author":1,"featured_media":0,"parent":0,"menu_order":0,"comment_status":"closed","ping_status":"closed","template":"","meta":{"_acf_changed":false,"footnotes":""},"class_list":["post-382","page","type-page","status-publish","hentry"],"acf":[],"yoast_head":"<!-- This site is optimized with the Yoast SEO plugin v27.4 - https:\/\/yoast.com\/product\/yoast-seo-wordpress\/ -->\n<title>Allgemeine Mietbedingungen<\/title>\n<meta name=\"robots\" content=\"index, follow, max-snippet:-1, max-image-preview:large, max-video-preview:-1\" \/>\n<link rel=\"canonical\" href=\"https:\/\/www.zuid-zuid-west.nl\/algemene-voorwaarden-verhuur\/\" \/>\n<meta property=\"og:locale\" content=\"de_DE\" \/>\n<meta property=\"og:type\" content=\"article\" \/>\n<meta property=\"og:title\" content=\"Allgemeine Mietbedingungen\" \/>\n<meta property=\"og:description\" content=\"Allgemeine Mietbedingungen Wochenmiete Strandh\u00fctten Zuid-Zuid-West BV (Vermieter) 1. Reservierungen \u00dcber die Website. Die Strandh\u00fctte kann nur \u00fcber unsere Website Zuid-Zuid-West.nl Strandcabines gemietet werden. Nach Zahlungseingang erhalten Sie die Best\u00e4tigung sofort. Het nummer vanDie Nummer der Strandkabine auf der Best\u00e4tigungkann von der endg\u00fcltigen Strandkabine abweichen.strandcabine op de bevestiging kan afwijken van de uiteindelijke Strandcabine. 2. Stornierung [&hellip;]\" \/>\n<meta property=\"og:url\" content=\"https:\/\/www.zuid-zuid-west.nl\/algemene-voorwaarden-verhuur\/\" \/>\n<meta property=\"og:site_name\" content=\"Strandpaviljoen Zuid Zuid West\" \/>\n<meta property=\"article:publisher\" content=\"https:\/\/www.facebook.com\/zzwrenesse\/\" \/>\n<meta property=\"article:modified_time\" content=\"2025-01-17T09:56:20+00:00\" \/>\n<meta property=\"og:image\" content=\"https:\/\/www.zuid-zuid-west.nl\/wp-content\/uploads\/2024\/12\/1-scaled-1.jpg\" \/>\n\t<meta property=\"og:image:width\" content=\"2560\" \/>\n\t<meta property=\"og:image:height\" content=\"2560\" \/>\n\t<meta property=\"og:image:type\" content=\"image\/jpeg\" \/>\n<meta name=\"twitter:card\" content=\"summary_large_image\" \/>\n<meta name=\"twitter:label1\" content=\"Gesch\u00e4tzte Lesezeit\" \/>\n\t<meta name=\"twitter:data1\" content=\"1\u00a0Minute\" \/>\n<script type=\"application\/ld+json\" class=\"yoast-schema-graph\">{\"@context\":\"https:\\\/\\\/schema.org\",\"@graph\":[{\"@type\":\"WebPage\",\"@id\":\"https:\\\/\\\/www.zuid-zuid-west.nl\\\/algemene-voorwaarden-verhuur\\\/\",\"url\":\"https:\\\/\\\/www.zuid-zuid-west.nl\\\/algemene-voorwaarden-verhuur\\\/\",\"name\":\"Allgemeine Mietbedingungen\",\"isPartOf\":{\"@id\":\"https:\\\/\\\/www.zuid-zuid-west.nl\\\/#website\"},\"datePublished\":\"2025-01-17T09:45:02+00:00\",\"dateModified\":\"2025-01-17T09:56:20+00:00\",\"breadcrumb\":{\"@id\":\"https:\\\/\\\/www.zuid-zuid-west.nl\\\/algemene-voorwaarden-verhuur\\\/#breadcrumb\"},\"inLanguage\":\"de\",\"potentialAction\":[{\"@type\":\"ReadAction\",\"target\":[\"https:\\\/\\\/www.zuid-zuid-west.nl\\\/algemene-voorwaarden-verhuur\\\/\"]}]},{\"@type\":\"BreadcrumbList\",\"@id\":\"https:\\\/\\\/www.zuid-zuid-west.nl\\\/algemene-voorwaarden-verhuur\\\/#breadcrumb\",\"itemListElement\":[{\"@type\":\"ListItem\",\"position\":1,\"name\":\"Home\",\"item\":\"https:\\\/\\\/www.zuid-zuid-west.nl\\\/de\\\/\"},{\"@type\":\"ListItem\",\"position\":2,\"name\":\"Allgemeine Mietbedingungen\"}]},{\"@type\":\"WebSite\",\"@id\":\"https:\\\/\\\/www.zuid-zuid-west.nl\\\/#website\",\"url\":\"https:\\\/\\\/www.zuid-zuid-west.nl\\\/\",\"name\":\"Strandpaviljoen Zuid Zuid West\",\"description\":\"\",\"publisher\":{\"@id\":\"https:\\\/\\\/www.zuid-zuid-west.nl\\\/#organization\"},\"potentialAction\":[{\"@type\":\"SearchAction\",\"target\":{\"@type\":\"EntryPoint\",\"urlTemplate\":\"https:\\\/\\\/www.zuid-zuid-west.nl\\\/?s={search_term_string}\"},\"query-input\":{\"@type\":\"PropertyValueSpecification\",\"valueRequired\":true,\"valueName\":\"search_term_string\"}}],\"inLanguage\":\"de\"},{\"@type\":\"Organization\",\"@id\":\"https:\\\/\\\/www.zuid-zuid-west.nl\\\/#organization\",\"name\":\"Strandpaviljoen Zuid Zuid West\",\"url\":\"https:\\\/\\\/www.zuid-zuid-west.nl\\\/\",\"logo\":{\"@type\":\"ImageObject\",\"inLanguage\":\"de\",\"@id\":\"https:\\\/\\\/www.zuid-zuid-west.nl\\\/#\\\/schema\\\/logo\\\/image\\\/\",\"url\":\"https:\\\/\\\/www.zuid-zuid-west.nl\\\/wp-content\\\/uploads\\\/2024\\\/11\\\/cropped-zzw-icon-donkergroen.png\",\"contentUrl\":\"https:\\\/\\\/www.zuid-zuid-west.nl\\\/wp-content\\\/uploads\\\/2024\\\/11\\\/cropped-zzw-icon-donkergroen.png\",\"width\":512,\"height\":512,\"caption\":\"Strandpaviljoen Zuid Zuid West\"},\"image\":{\"@id\":\"https:\\\/\\\/www.zuid-zuid-west.nl\\\/#\\\/schema\\\/logo\\\/image\\\/\"},\"sameAs\":[\"https:\\\/\\\/www.facebook.com\\\/zzwrenesse\\\/\",\"https:\\\/\\\/www.instagram.com\\\/zuidzuidwest\\\/\"]}]}<\/script>\n<!-- \/ Yoast SEO plugin. -->","yoast_head_json":{"title":"Allgemeine Mietbedingungen","robots":{"index":"index","follow":"follow","max-snippet":"max-snippet:-1","max-image-preview":"max-image-preview:large","max-video-preview":"max-video-preview:-1"},"canonical":"https:\/\/www.zuid-zuid-west.nl\/algemene-voorwaarden-verhuur\/","og_locale":"de_DE","og_type":"article","og_title":"Allgemeine Mietbedingungen","og_description":"Allgemeine Mietbedingungen Wochenmiete Strandh\u00fctten Zuid-Zuid-West BV (Vermieter) 1. Reservierungen \u00dcber die Website. Die Strandh\u00fctte kann nur \u00fcber unsere Website Zuid-Zuid-West.nl Strandcabines gemietet werden. Nach Zahlungseingang erhalten Sie die Best\u00e4tigung sofort. Het nummer vanDie Nummer der Strandkabine auf der Best\u00e4tigungkann von der endg\u00fcltigen Strandkabine abweichen.strandcabine op de bevestiging kan afwijken van de uiteindelijke Strandcabine. 2. Stornierung [&hellip;]","og_url":"https:\/\/www.zuid-zuid-west.nl\/algemene-voorwaarden-verhuur\/","og_site_name":"Strandpaviljoen Zuid Zuid West","article_publisher":"https:\/\/www.facebook.com\/zzwrenesse\/","article_modified_time":"2025-01-17T09:56:20+00:00","og_image":[{"width":2560,"height":2560,"url":"https:\/\/www.zuid-zuid-west.nl\/wp-content\/uploads\/2024\/12\/1-scaled-1.jpg","type":"image\/jpeg"}],"twitter_card":"summary_large_image","twitter_misc":{"Gesch\u00e4tzte Lesezeit":"1\u00a0Minute"},"schema":{"@context":"https:\/\/schema.org","@graph":[{"@type":"WebPage","@id":"https:\/\/www.zuid-zuid-west.nl\/algemene-voorwaarden-verhuur\/","url":"https:\/\/www.zuid-zuid-west.nl\/algemene-voorwaarden-verhuur\/","name":"Allgemeine Mietbedingungen","isPartOf":{"@id":"https:\/\/www.zuid-zuid-west.nl\/#website"},"datePublished":"2025-01-17T09:45:02+00:00","dateModified":"2025-01-17T09:56:20+00:00","breadcrumb":{"@id":"https:\/\/www.zuid-zuid-west.nl\/algemene-voorwaarden-verhuur\/#breadcrumb"},"inLanguage":"de","potentialAction":[{"@type":"ReadAction","target":["https:\/\/www.zuid-zuid-west.nl\/algemene-voorwaarden-verhuur\/"]}]},{"@type":"BreadcrumbList","@id":"https:\/\/www.zuid-zuid-west.nl\/algemene-voorwaarden-verhuur\/#breadcrumb","itemListElement":[{"@type":"ListItem","position":1,"name":"Home","item":"https:\/\/www.zuid-zuid-west.nl\/de\/"},{"@type":"ListItem","position":2,"name":"Allgemeine Mietbedingungen"}]},{"@type":"WebSite","@id":"https:\/\/www.zuid-zuid-west.nl\/#website","url":"https:\/\/www.zuid-zuid-west.nl\/","name":"Strandpaviljoen Zuid Zuid West","description":"","publisher":{"@id":"https:\/\/www.zuid-zuid-west.nl\/#organization"},"potentialAction":[{"@type":"SearchAction","target":{"@type":"EntryPoint","urlTemplate":"https:\/\/www.zuid-zuid-west.nl\/?s={search_term_string}"},"query-input":{"@type":"PropertyValueSpecification","valueRequired":true,"valueName":"search_term_string"}}],"inLanguage":"de"},{"@type":"Organization","@id":"https:\/\/www.zuid-zuid-west.nl\/#organization","name":"Strandpaviljoen Zuid Zuid West","url":"https:\/\/www.zuid-zuid-west.nl\/","logo":{"@type":"ImageObject","inLanguage":"de","@id":"https:\/\/www.zuid-zuid-west.nl\/#\/schema\/logo\/image\/","url":"https:\/\/www.zuid-zuid-west.nl\/wp-content\/uploads\/2024\/11\/cropped-zzw-icon-donkergroen.png","contentUrl":"https:\/\/www.zuid-zuid-west.nl\/wp-content\/uploads\/2024\/11\/cropped-zzw-icon-donkergroen.png","width":512,"height":512,"caption":"Strandpaviljoen Zuid Zuid West"},"image":{"@id":"https:\/\/www.zuid-zuid-west.nl\/#\/schema\/logo\/image\/"},"sameAs":["https:\/\/www.facebook.com\/zzwrenesse\/","https:\/\/www.instagram.com\/zuidzuidwest\/"]}]}},"_links":{"self":[{"href":"https:\/\/www.zuid-zuid-west.nl\/de\/wp-json\/wp\/v2\/pages\/382","targetHints":{"allow":["GET"]}}],"collection":[{"href":"https:\/\/www.zuid-zuid-west.nl\/de\/wp-json\/wp\/v2\/pages"}],"about":[{"href":"https:\/\/www.zuid-zuid-west.nl\/de\/wp-json\/wp\/v2\/types\/page"}],"author":[{"embeddable":true,"href":"https:\/\/www.zuid-zuid-west.nl\/de\/wp-json\/wp\/v2\/users\/1"}],"replies":[{"embeddable":true,"href":"https:\/\/www.zuid-zuid-west.nl\/de\/wp-json\/wp\/v2\/comments?post=382"}],"version-history":[{"count":1,"href":"https:\/\/www.zuid-zuid-west.nl\/de\/wp-json\/wp\/v2\/pages\/382\/revisions"}],"predecessor-version":[{"id":383,"href":"https:\/\/www.zuid-zuid-west.nl\/de\/wp-json\/wp\/v2\/pages\/382\/revisions\/383"}],"wp:attachment":[{"href":"https:\/\/www.zuid-zuid-west.nl\/de\/wp-json\/wp\/v2\/media?parent=382"}],"curies":[{"name":"wp","href":"https:\/\/api.w.org\/{rel}","templated":true}]}}